{"id":1233,"date":"2014-06-26T17:10:18","date_gmt":"2014-06-27T00:10:18","guid":{"rendered":"http:\/\/sustainabilityillustrated.com\/en\/?page_id=1233"},"modified":"2020-02-04T14:20:34","modified_gmt":"2020-02-04T22:20:34","slug":"rejoignez-communaute","status":"publish","type":"page","link":"https:\/\/sustainabilityillustrated.com\/fr\/rejoignez-communaute\/","title":{"rendered":"Rejoignez la communaut\u00e9"},"content":{"rendered":"[vc_row type=\u00a0\u00bbfull_width_content\u00a0\u00bb full_screen_row_position=\u00a0\u00bbmiddle\u00a0\u00bb column_margin=\u00a0\u00bbdefault\u00a0\u00bb scene_position=\u00a0\u00bbcenter\u00a0\u00bb text_color=\u00a0\u00bbdark\u00a0\u00bb text_align=\u00a0\u00bbcenter\u00a0\u00bb top_padding=\u00a0\u00bb80&Prime; bottom_padding=\u00a0\u00bb40&Prime; overlay_strength=\u00a0\u00bb0.3&Prime; shape_divider_position=\u00a0\u00bbbottom\u00a0\u00bb bg_image_animation=\u00a0\u00bbnone\u00a0\u00bb shape_type=\u00a0\u00bb\u00a0\u00bb][vc_column column_padding=\u00a0\u00bbpadding-3-percent\u00a0\u00bb column_padding_position=\u00a0\u00bbleft-right\u00a0\u00bb background_color_opacity=\u00a0\u00bb1&Prime; background_hover_color_opacity=\u00a0\u00bb1&Prime; column_link_target=\u00a0\u00bb_self\u00a0\u00bb column_shadow=\u00a0\u00bbnone\u00a0\u00bb column_border_radius=\u00a0\u00bbnone\u00a0\u00bb width=\u00a0\u00bb1\/3&Prime; tablet_width_inherit=\u00a0\u00bbdefault\u00a0\u00bb tablet_text_alignment=\u00a0\u00bbdefault\u00a0\u00bb phone_text_alignment=\u00a0\u00bbdefault\u00a0\u00bb overlay_strength=\u00a0\u00bb0.3&Prime; column_border_width=\u00a0\u00bbnone\u00a0\u00bb column_border_style=\u00a0\u00bbsolid\u00a0\u00bb bg_image_animation=\u00a0\u00bbnone\u00a0\u00bb enable_animation=\u00a0\u00bbtrue\u00a0\u00bb animation=\u00a0\u00bbfade-in-from-right\u00a0\u00bb][vc_column_text]\n<p style=\"text-align: center;\"><i class=\"icon-3x fa fa-envelope-o extra-color-1\"><i class=\"circle-border\"><\/i><\/i>\n[\/vc_column_text][heading]\n<h3>Abonnez-vous<\/h3>\n[\/heading][vc_column_text]Un maximum de 1 courriel par mois pour recevoir les nouvelles vid\u00e9os, des illustrations et des id\u00e9es pour rendre les principes et concepts du d\u00e9veloppement durable visuels et faciles \u00e0 comprendre : <script>(function() {\n\twindow.mc4wp = window.mc4wp || {\n\t\tlisteners: [],\n\t\tforms: {\n\t\t\ton: function(evt, cb) {\n\t\t\t\twindow.mc4wp.listeners.push(\n\t\t\t\t\t{\n\t\t\t\t\t\tevent   : evt,\n\t\t\t\t\t\tcallback: cb\n\t\t\t\t\t}\n\t\t\t\t);\n\t\t\t}\n\t\t}\n\t}\n})();\n<\/script><!-- Mailchimp for WordPress v4.12.2 - https:\/\/wordpress.org\/plugins\/mailchimp-for-wp\/ --><form id=\"mc4wp-form-1\" class=\"mc4wp-form mc4wp-form-3023 mc4wp-form-theme mc4wp-form-theme-blue\" method=\"post\" data-id=\"3023\" data-name=\"Default sign-up form\" ><div class=\"mc4wp-form-fields\"><p>\r\n\t<label for=\"mc4wp_email\">Ne manquez rien : <\/label>\r\n\t<input type=\"email\" id=\"mc4wp_email\" name=\"EMAIL\" placeholder=\"Votre adresse courriel\" required \/>\r\n<\/p>\r\n\r\n<p>\r\n\t<input type=\"submit\" value=\"S'abonner\" \/>\r\n<\/p><\/div><label style=\"display: none !important;\">Laissez ce champ vide si vous \u00eates humain\u00a0: <input type=\"text\" name=\"_mc4wp_honeypot\" value=\"\" tabindex=\"-1\" autocomplete=\"off\" \/><\/label><input type=\"hidden\" name=\"_mc4wp_timestamp\" value=\"1777312136\" \/><input type=\"hidden\" name=\"_mc4wp_form_id\" value=\"3023\" \/><input type=\"hidden\" name=\"_mc4wp_form_element_id\" value=\"mc4wp-form-1\" \/><div class=\"mc4wp-response\"><\/div><\/form><!-- \/ Mailchimp for WordPress Plugin -->[\/vc_column_text][testimonial_slider style=\u00a0\u00bbdefault\u00a0\u00bb star_rating_color=\u00a0\u00bbaccent-color\u00a0\u00bb autorotate=\u00a0\u00bb5000&Prime;][testimonial star_rating=\u00a0\u00bbnone\u00a0\u00bb title=\u00a0\u00bbTestimonial\u00a0\u00bb id=\u00a0\u00bb1580854685750-4&Prime; name=\u00a0\u00bbAbonn\u00e9 des Etats-Unis\u00a0\u00bb quote=\u00a0\u00bbJ&rsquo;ai partag\u00e9 5 vid\u00e9os avec mes \u00e9tudiants en mast\u00e8re la semaine derni\u00e8re. Ils approuvent tous unanimement ! La vid\u00e9o sur le backcasting leur a particuli\u00e8rement plu. Merci pour votre contribution au secteur \u00e9ducatif sur ces th\u00e9matiques.\u00a0\u00bb tab_id=\u00a0\u00bb1580854685751-1&Prime;][testimonial star_rating=\u00a0\u00bbnone\u00a0\u00bb title=\u00a0\u00bbTestimonial\u00a0\u00bb id=\u00a0\u00bb1580854685793-8&Prime; name=\u00a0\u00bbCelia Peterson, Natural Interest\u00a0\u00bb quote=\u00a0\u00bbCes vid\u00e9os sont un outil engageant et utile pour mettre les gens \u00e0 niveau sur notre vision du d\u00e9veloppement durable. L&rsquo;approche fraiche et visuelle du d\u00e9veloppement durable illustr\u00e9 vaut le coup d&rsquo;y passer un peu de temps !\u00a0\u00bb tab_id=\u00a0\u00bb1580854685794-0&Prime;][testimonial star_rating=\u00a0\u00bbnone\u00a0\u00bb title=\u00a0\u00bbTestimonial\u00a0\u00bb id=\u00a0\u00bb1580854685827-8&Prime; name=\u00a0\u00bbEtudiant, Creative Sustainability M.S. candidate, Aalto University\u00a0\u00bb quote=\u00a0\u00bbJ&rsquo;ai beaucoup aim\u00e9 cette vid\u00e9o, merci de l&rsquo;avoir partag\u00e9e ! C&rsquo;est joliment simplifi\u00e9 : je vais conserver cette vid\u00e9o et la montrer la prochaine fois qu&rsquo;on se rassemblera pour nos d\u00e9bats entre \u00e9tudiants&#8230;\u00a0\u00bb tab_id=\u00a0\u00bb1580854685827-4&Prime;][testimonial star_rating=\u00a0\u00bbnone\u00a0\u00bb title=\u00a0\u00bbTestimonial\u00a0\u00bb id=\u00a0\u00bb1580854685857-5&Prime; name=\u00a0\u00bbAbonn\u00e9 de France\u00a0\u00bb quote=\u00a0\u00bbUn dessin vaut mieux qu&rsquo;un long discours.\u00a0\u00bb tab_id=\u00a0\u00bb1580854685858-8&Prime;][testimonial star_rating=\u00a0\u00bbnone\u00a0\u00bb title=\u00a0\u00bbTestimonial\u00a0\u00bb id=\u00a0\u00bb1580854685891-5&Prime; name=\u00a0\u00bbAbonn\u00e9 de Nouvelle Z\u00e9lande\u00a0\u00bb quote=\u00a0\u00bbCes vid\u00e9os sont tr\u00e8s claires et agr\u00e9ables, je les utilise dans mes ateliers de formation.\u00a0\u00bb tab_id=\u00a0\u00bb1580854685892-9&Prime;][testimonial star_rating=\u00a0\u00bbnone\u00a0\u00bb title=\u00a0\u00bbTestimonial\u00a0\u00bb id=\u00a0\u00bb1580854685925-3&Prime; name=\u00a0\u00bbEtudiant du Canada\u00a0\u00bb quote=\u00a0\u00bbSuper vid\u00e9o ! Elle m&rsquo;a vraiment aid\u00e9 dans mon projet.\u00a0\u00bb tab_id=\u00a0\u00bb1580854685925-1&Prime;][testimonial star_rating=\u00a0\u00bbnone\u00a0\u00bb title=\u00a0\u00bbTestimonial\u00a0\u00bb id=\u00a0\u00bb1580854685953-1&Prime; name=\u00a0\u00bbAbonn\u00e9 de Columbie\u00a0\u00bb quote=\u00a0\u00bbRegarder cette vid\u00e9o serait une tr\u00e8s bonne fa\u00e7on d&rsquo;utiliser 8 minutes dans votre journ\u00e9e.\u00a0\u00bb tab_id=\u00a0\u00bb1580854685954-5&Prime;][\/testimonial_slider][\/vc_column][vc_column column_padding=\u00a0\u00bbpadding-3-percent\u00a0\u00bb column_padding_position=\u00a0\u00bbleft-right\u00a0\u00bb background_color_opacity=\u00a0\u00bb1&Prime; background_hover_color_opacity=\u00a0\u00bb1&Prime; column_link_target=\u00a0\u00bb_self\u00a0\u00bb column_shadow=\u00a0\u00bbnone\u00a0\u00bb column_border_radius=\u00a0\u00bbnone\u00a0\u00bb width=\u00a0\u00bb1\/3&Prime; tablet_width_inherit=\u00a0\u00bbdefault\u00a0\u00bb tablet_text_alignment=\u00a0\u00bbdefault\u00a0\u00bb phone_text_alignment=\u00a0\u00bbdefault\u00a0\u00bb overlay_strength=\u00a0\u00bb0.3&Prime; column_border_width=\u00a0\u00bbnone\u00a0\u00bb column_border_style=\u00a0\u00bbsolid\u00a0\u00bb bg_image_animation=\u00a0\u00bbnone\u00a0\u00bb enable_animation=\u00a0\u00bbtrue\u00a0\u00bb animation=\u00a0\u00bbfade-in-from-right\u00a0\u00bb][vc_column_text]\n<p style=\"text-align: center;\"><i class=\"icon-3x fa fa-heart-o extra-color-3\"><i class=\"circle-border\"><\/i><\/i>\n[\/vc_column_text][heading]\n<h3>Faites un don<\/h3>\n[\/heading][vc_column_text]Nous pensons que l&rsquo;\u00e9ducation sur le d\u00e9veloppement durable doit \u00eatre accessible et gratuite pour tous. <a href=\"http:\/\/patreon.com\/sustainability\" target=\"_blank\" rel=\"noopener noreferrer\">Patreon<\/a> est l&rsquo;un des moyens qui nous permettent de g\u00e9n\u00e9rer du revenu avec nos vid\u00e9os afin de payer pour leur cr\u00e9ation. Si vous souhaitez nous aider, vous pouvez <a href=\"http:\/\/patreon.com\/sustainability\" target=\"_blank\" rel=\"noopener noreferrer\">effectuer un don<\/a> de 1$ ou plus qui s&rsquo;appliquera aux prochaines vid\u00e9os que nous posterons. <strong>Cela ne vous prendra que 5 minutes :\u00a0<\/strong>Choisissez un montant, choisissez votre r\u00e9compense, vous pouvez modifier ou annuler votre engagement \u00e0 tout moment.[\/vc_column_text][nectar_btn size=\u00a0\u00bblarge\u00a0\u00bb open_new_tab=\u00a0\u00bbtrue\u00a0\u00bb button_style=\u00a0\u00bbregular\u00a0\u00bb button_color_2=\u00a0\u00bbExtra-Color-3&Prime; icon_family=\u00a0\u00bbnone\u00a0\u00bb url=\u00a0\u00bbhttp:\/\/patreon.com\/sustainability\u00a0\u00bb text=\u00a0\u00bbDevenez donateur !\u00a0\u00bb css_animation=\u00a0\u00bbrubberBand\u00a0\u00bb margin_top=\u00a0\u00bb20&Prime; margin_bottom=\u00a0\u00bb20&Prime;][nectar_video_lightbox link_style=\u00a0\u00bbplay_button_2&Prime; nectar_play_button_color=\u00a0\u00bbExtra-Color-3&Prime; image_url=\u00a0\u00bb1859&Prime; hover_effect=\u00a0\u00bbdefaut\u00a0\u00bb box_shadow=\u00a0\u00bbnone\u00a0\u00bb border_radius=\u00a0\u00bbnone\u00a0\u00bb play_button_size=\u00a0\u00bbdefault\u00a0\u00bb video_url=\u00a0\u00bbhttp:\/\/youtu.be\/MQUBL32MEK8&Prime;][\/vc_column][vc_column column_padding=\u00a0\u00bbpadding-3-percent\u00a0\u00bb column_padding_position=\u00a0\u00bbleft-right\u00a0\u00bb background_color_opacity=\u00a0\u00bb1&Prime; background_hover_color_opacity=\u00a0\u00bb1&Prime; column_link_target=\u00a0\u00bb_self\u00a0\u00bb column_shadow=\u00a0\u00bbnone\u00a0\u00bb column_border_radius=\u00a0\u00bbnone\u00a0\u00bb width=\u00a0\u00bb1\/3&Prime; tablet_width_inherit=\u00a0\u00bbdefault\u00a0\u00bb tablet_text_alignment=\u00a0\u00bbdefault\u00a0\u00bb phone_text_alignment=\u00a0\u00bbdefault\u00a0\u00bb overlay_strength=\u00a0\u00bb0.3&Prime; column_border_width=\u00a0\u00bbnone\u00a0\u00bb column_border_style=\u00a0\u00bbsolid\u00a0\u00bb bg_image_animation=\u00a0\u00bbnone\u00a0\u00bb enable_animation=\u00a0\u00bbtrue\u00a0\u00bb animation=\u00a0\u00bbfade-in-from-right\u00a0\u00bb][vc_column_text]\n<p style=\"text-align: center;\"><i class=\"icon-3x fa fa-paper-plane-o accent-color\"><i class=\"circle-border\"><\/i><\/i>\n[\/vc_column_text][heading]\n<h3>Partagez les outils gratuits<\/h3>\n[\/heading]<div class=\"sharing-default-minimal\"><div class=\"nectar-social default\" data-position=\"left\" data-color-override=\"override\"><div class=\"nectar-social-inner\"><a class='facebook-share nectar-sharing' href='#' title='Share this'>  <i class='fa fa-facebook'><\/i> <span class='social-text'>Share<\/span> <\/a><a class='twitter-share nectar-sharing' href='#' title='Share this'> <i class='fa icon-salient-x-twitter'><\/i> <span class='social-text'>Share<\/span> <\/a><a class='linkedin-share nectar-sharing' href='#' title='Share this'> <i class='fa fa-linkedin'><\/i> <span class='social-text'>Share<\/span> <\/a><a class='pinterest-share nectar-sharing' href='#' title='Pin this'> <i class='fa fa-pinterest'><\/i> <span class='social-text'>Pin<\/span> <\/a><\/div><\/div><\/div>[image_with_animation image_url=\u00a0\u00bb1408&Prime; alignment=\u00a0\u00bb\u00a0\u00bb animation=\u00a0\u00bbFade In\u00a0\u00bb hover_animation=\u00a0\u00bbnone\u00a0\u00bb border_radius=\u00a0\u00bbnone\u00a0\u00bb box_shadow=\u00a0\u00bbnone\u00a0\u00bb image_loading=\u00a0\u00bbdefault\u00a0\u00bb max_width=\u00a0\u00bb100%\u00a0\u00bb max_width_mobile=\u00a0\u00bbdefault\u00a0\u00bb][vc_column_text]Partagez cette page avec vos amis et vos coll\u00e8gues pour diffuser les connaissances.<\/p>\n<p>Suivez-nous sur\u00a0 <a href=\"http:\/\/www.facebook.com\/sustainabilityillustrated\" target=\"_blank\" rel=\"noopener noreferrer\">Facebook<\/a>, <a href=\"http:\/\/twitter.com\/Sustain_Illustr\" target=\"_blank\" rel=\"noopener noreferrer\">Twitter<\/a> et <a href=\"http:\/\/www.youtube.com\/learnsustainability\" target=\"_blank\" rel=\"noopener noreferrer\">YouTube<\/a> pour de nouveaux outils, images et vid\u00e9os qui vous aideront \u00e0 communiquer le d\u00e9veloppement plus efficacement.[\/vc_column_text][\/vc_column][\/vc_row]\n","protected":false},"excerpt":{"rendered":"<p>[vc_row type=\u00a0\u00bbfull_width_content\u00a0\u00bb full_screen_row_position=\u00a0\u00bbmiddle\u00a0\u00bb column_margin=\u00a0\u00bbdefault\u00a0\u00bb scene_position=\u00a0\u00bbcenter\u00a0\u00bb text_color=\u00a0\u00bbdark\u00a0\u00bb text_align=\u00a0\u00bbcenter\u00a0\u00bb top_padding=\u00a0\u00bb80&Prime; bottom_padding=\u00a0\u00bb40&Prime; overlay_strength=\u00a0\u00bb0.3&Prime; shape_divider_position=\u00a0\u00bbbottom\u00a0\u00bb bg_image_animation=\u00a0\u00bbnone\u00a0\u00bb shape_type=\u00a0\u00bb\u00a0\u00bb][vc_column column_padding=\u00a0\u00bbpadding-3-percent\u00a0\u00bb column_padding_position=\u00a0\u00bbleft-right\u00a0\u00bb background_color_opacity=\u00a0\u00bb1&Prime; background_hover_color_opacity=\u00a0\u00bb1&Prime; column_link_target=\u00a0\u00bb_self\u00a0\u00bb column_shadow=\u00a0\u00bbnone\u00a0\u00bb column_border_radius=\u00a0\u00bbnone\u00a0\u00bb width=\u00a0\u00bb1\/3&Prime; tablet_width_inherit=\u00a0\u00bbdefault\u00a0\u00bb tablet_text_alignment=\u00a0\u00bbdefault\u00a0\u00bb phone_text_alignment=\u00a0\u00bbdefault\u00a0\u00bb overlay_strength=\u00a0\u00bb0.3&Prime; column_border_width=\u00a0\u00bbnone\u00a0\u00bb column_border_style=\u00a0\u00bbsolid\u00a0\u00bb bg_image_animation=\u00a0\u00bbnone\u00a0\u00bb enable_animation=\u00a0\u00bbtrue\u00a0\u00bb animation=\u00a0\u00bbfade-in-from-right\u00a0\u00bb][vc_column_text]&#8230;<\/p>\n","protected":false},"author":1,"featured_media":1453,"parent":0,"menu_order":0,"comment_status":"open","ping_status":"closed","template":"","meta":{"give_campaign_id":0,"footnotes":""},"class_list":["post-1233","page","type-page","status-publish","has-post-thumbnail"],"yoast_head":"<!-- This site is optimized with the Yoast SEO plugin v27.4 - https:\/\/yoast.com\/product\/yoast-seo-wordpress\/ -->\n<title>Rejoignez la communaut\u00e9 : d\u00e9veloppement durable en vid\u00e9os<\/title>\n<meta name=\"description\" content=\"Voil\u00e0 3 fa\u00e7ons de rejoindre la communaut\u00e9: abonnez-vous, partagez les vid\u00e9os sur le d\u00e9veloppement durable et faites un don pour nous aider \u00e0 en faire plus.\" \/>\n<meta name=\"robots\" content=\"index, follow, max-snippet:-1, max-image-preview:large, max-video-preview:-1\" \/>\n<link rel=\"canonical\" href=\"https:\/\/sustainabilityillustrated.com\/fr\/rejoignez-communaute\/\" \/>\n<meta property=\"og:locale\" content=\"fr_FR\" \/>\n<meta property=\"og:type\" content=\"article\" \/>\n<meta property=\"og:title\" content=\"Rejoignez la communaut\u00e9 : d\u00e9veloppement durable en vid\u00e9os\" \/>\n<meta property=\"og:description\" content=\"Voil\u00e0 3 fa\u00e7ons de rejoindre la communaut\u00e9: abonnez-vous, partagez les vid\u00e9os sur le d\u00e9veloppement durable et faites un don pour nous aider \u00e0 en faire plus.\" \/>\n<meta property=\"og:url\" content=\"https:\/\/sustainabilityillustrated.com\/fr\/rejoignez-communaute\/\" \/>\n<meta property=\"og:site_name\" content=\"D\u00e9veloppement durable illustr\u00e9\" \/>\n<meta property=\"article:modified_time\" content=\"2020-02-04T22:20:34+00:00\" \/>\n<meta property=\"og:image\" content=\"https:\/\/sustainabilityillustrated.com\/fr\/files\/2014\/06\/Rejoignez-la-communaute.png\" \/>\n\t<meta property=\"og:image:width\" content=\"1768\" \/>\n\t<meta property=\"og:image:height\" content=\"860\" \/>\n\t<meta property=\"og:image:type\" content=\"image\/png\" \/>\n<meta name=\"twitter:label1\" content=\"Dur\u00e9e de lecture estim\u00e9e\" \/>\n\t<meta name=\"twitter:data1\" content=\"4 minutes\" \/>\n<script type=\"application\/ld+json\" class=\"yoast-schema-graph\">{\"@context\":\"https:\\\/\\\/schema.org\",\"@graph\":[{\"@type\":\"WebPage\",\"@id\":\"https:\\\/\\\/sustainabilityillustrated.com\\\/fr\\\/rejoignez-communaute\\\/\",\"url\":\"https:\\\/\\\/sustainabilityillustrated.com\\\/fr\\\/rejoignez-communaute\\\/\",\"name\":\"Rejoignez la communaut\u00e9 : d\u00e9veloppement durable en vid\u00e9os\",\"isPartOf\":{\"@id\":\"https:\\\/\\\/sustainabilityillustrated.com\\\/fr\\\/#website\"},\"primaryImageOfPage\":{\"@id\":\"https:\\\/\\\/sustainabilityillustrated.com\\\/fr\\\/rejoignez-communaute\\\/#primaryimage\"},\"image\":{\"@id\":\"https:\\\/\\\/sustainabilityillustrated.com\\\/fr\\\/rejoignez-communaute\\\/#primaryimage\"},\"thumbnailUrl\":\"https:\\\/\\\/sustainabilityillustrated.com\\\/fr\\\/files\\\/2014\\\/06\\\/Rejoignez-la-communaute.png\",\"datePublished\":\"2014-06-27T00:10:18+00:00\",\"dateModified\":\"2020-02-04T22:20:34+00:00\",\"description\":\"Voil\u00e0 3 fa\u00e7ons de rejoindre la communaut\u00e9: abonnez-vous, partagez les vid\u00e9os sur le d\u00e9veloppement durable et faites un don pour nous aider \u00e0 en faire plus.\",\"breadcrumb\":{\"@id\":\"https:\\\/\\\/sustainabilityillustrated.com\\\/fr\\\/rejoignez-communaute\\\/#breadcrumb\"},\"inLanguage\":\"fr-FR\",\"potentialAction\":[{\"@type\":\"ReadAction\",\"target\":[\"https:\\\/\\\/sustainabilityillustrated.com\\\/fr\\\/rejoignez-communaute\\\/\"]}]},{\"@type\":\"ImageObject\",\"inLanguage\":\"fr-FR\",\"@id\":\"https:\\\/\\\/sustainabilityillustrated.com\\\/fr\\\/rejoignez-communaute\\\/#primaryimage\",\"url\":\"https:\\\/\\\/sustainabilityillustrated.com\\\/fr\\\/files\\\/2014\\\/06\\\/Rejoignez-la-communaute.png\",\"contentUrl\":\"https:\\\/\\\/sustainabilityillustrated.com\\\/fr\\\/files\\\/2014\\\/06\\\/Rejoignez-la-communaute.png\",\"width\":1768,\"height\":860,\"caption\":\"Rejoignez-la-communaute\"},{\"@type\":\"BreadcrumbList\",\"@id\":\"https:\\\/\\\/sustainabilityillustrated.com\\\/fr\\\/rejoignez-communaute\\\/#breadcrumb\",\"itemListElement\":[{\"@type\":\"ListItem\",\"position\":1,\"name\":\"Accueil\",\"item\":\"https:\\\/\\\/sustainabilityillustrated.com\\\/fr\\\/\"},{\"@type\":\"ListItem\",\"position\":2,\"name\":\"Rejoignez la communaut\u00e9\"}]},{\"@type\":\"WebSite\",\"@id\":\"https:\\\/\\\/sustainabilityillustrated.com\\\/fr\\\/#website\",\"url\":\"https:\\\/\\\/sustainabilityillustrated.com\\\/fr\\\/\",\"name\":\"D\u00e9veloppement durable illustr\u00e9\",\"description\":\"Apprenez gratuitement avec des vid\u00e9os engageantes\",\"publisher\":{\"@id\":\"https:\\\/\\\/sustainabilityillustrated.com\\\/fr\\\/#organization\"},\"potentialAction\":[{\"@type\":\"SearchAction\",\"target\":{\"@type\":\"EntryPoint\",\"urlTemplate\":\"https:\\\/\\\/sustainabilityillustrated.com\\\/fr\\\/?s={search_term_string}\"},\"query-input\":{\"@type\":\"PropertyValueSpecification\",\"valueRequired\":true,\"valueName\":\"search_term_string\"}}],\"inLanguage\":\"fr-FR\"},{\"@type\":\"Organization\",\"@id\":\"https:\\\/\\\/sustainabilityillustrated.com\\\/fr\\\/#organization\",\"name\":\"D\u00e9veloppement durable illustr\u00e9\",\"url\":\"https:\\\/\\\/sustainabilityillustrated.com\\\/fr\\\/\",\"logo\":{\"@type\":\"ImageObject\",\"inLanguage\":\"fr-FR\",\"@id\":\"https:\\\/\\\/sustainabilityillustrated.com\\\/fr\\\/#\\\/schema\\\/logo\\\/image\\\/\",\"url\":\"https:\\\/\\\/sustainabilityillustrated.com\\\/fr\\\/files\\\/2020\\\/02\\\/Logo-Developpement-Durable-Illustre-Retina-2020.png\",\"contentUrl\":\"https:\\\/\\\/sustainabilityillustrated.com\\\/fr\\\/files\\\/2020\\\/02\\\/Logo-Developpement-Durable-Illustre-Retina-2020.png\",\"width\":700,\"height\":128,\"caption\":\"D\u00e9veloppement durable illustr\u00e9\"},\"image\":{\"@id\":\"https:\\\/\\\/sustainabilityillustrated.com\\\/fr\\\/#\\\/schema\\\/logo\\\/image\\\/\"},\"sameAs\":[\"https:\\\/\\\/x.com\\\/Sustain_Illustr\",\"https:\\\/\\\/www.linkedin.com\\\/in\\\/alexandremagnin\\\/\"]}]}<\/script>\n<!-- \/ Yoast SEO plugin. -->","yoast_head_json":{"title":"Rejoignez la communaut\u00e9 : d\u00e9veloppement durable en vid\u00e9os","description":"Voil\u00e0 3 fa\u00e7ons de rejoindre la communaut\u00e9: abonnez-vous, partagez les vid\u00e9os sur le d\u00e9veloppement durable et faites un don pour nous aider \u00e0 en faire plus.","robots":{"index":"index","follow":"follow","max-snippet":"max-snippet:-1","max-image-preview":"max-image-preview:large","max-video-preview":"max-video-preview:-1"},"canonical":"https:\/\/sustainabilityillustrated.com\/fr\/rejoignez-communaute\/","og_locale":"fr_FR","og_type":"article","og_title":"Rejoignez la communaut\u00e9 : d\u00e9veloppement durable en vid\u00e9os","og_description":"Voil\u00e0 3 fa\u00e7ons de rejoindre la communaut\u00e9: abonnez-vous, partagez les vid\u00e9os sur le d\u00e9veloppement durable et faites un don pour nous aider \u00e0 en faire plus.","og_url":"https:\/\/sustainabilityillustrated.com\/fr\/rejoignez-communaute\/","og_site_name":"D\u00e9veloppement durable illustr\u00e9","article_modified_time":"2020-02-04T22:20:34+00:00","og_image":[{"width":1768,"height":860,"url":"https:\/\/sustainabilityillustrated.com\/fr\/files\/2014\/06\/Rejoignez-la-communaute.png","type":"image\/png"}],"twitter_misc":{"Dur\u00e9e de lecture estim\u00e9e":"4 minutes"},"schema":{"@context":"https:\/\/schema.org","@graph":[{"@type":"WebPage","@id":"https:\/\/sustainabilityillustrated.com\/fr\/rejoignez-communaute\/","url":"https:\/\/sustainabilityillustrated.com\/fr\/rejoignez-communaute\/","name":"Rejoignez la communaut\u00e9 : d\u00e9veloppement durable en vid\u00e9os","isPartOf":{"@id":"https:\/\/sustainabilityillustrated.com\/fr\/#website"},"primaryImageOfPage":{"@id":"https:\/\/sustainabilityillustrated.com\/fr\/rejoignez-communaute\/#primaryimage"},"image":{"@id":"https:\/\/sustainabilityillustrated.com\/fr\/rejoignez-communaute\/#primaryimage"},"thumbnailUrl":"https:\/\/sustainabilityillustrated.com\/fr\/files\/2014\/06\/Rejoignez-la-communaute.png","datePublished":"2014-06-27T00:10:18+00:00","dateModified":"2020-02-04T22:20:34+00:00","description":"Voil\u00e0 3 fa\u00e7ons de rejoindre la communaut\u00e9: abonnez-vous, partagez les vid\u00e9os sur le d\u00e9veloppement durable et faites un don pour nous aider \u00e0 en faire plus.","breadcrumb":{"@id":"https:\/\/sustainabilityillustrated.com\/fr\/rejoignez-communaute\/#breadcrumb"},"inLanguage":"fr-FR","potentialAction":[{"@type":"ReadAction","target":["https:\/\/sustainabilityillustrated.com\/fr\/rejoignez-communaute\/"]}]},{"@type":"ImageObject","inLanguage":"fr-FR","@id":"https:\/\/sustainabilityillustrated.com\/fr\/rejoignez-communaute\/#primaryimage","url":"https:\/\/sustainabilityillustrated.com\/fr\/files\/2014\/06\/Rejoignez-la-communaute.png","contentUrl":"https:\/\/sustainabilityillustrated.com\/fr\/files\/2014\/06\/Rejoignez-la-communaute.png","width":1768,"height":860,"caption":"Rejoignez-la-communaute"},{"@type":"BreadcrumbList","@id":"https:\/\/sustainabilityillustrated.com\/fr\/rejoignez-communaute\/#breadcrumb","itemListElement":[{"@type":"ListItem","position":1,"name":"Accueil","item":"https:\/\/sustainabilityillustrated.com\/fr\/"},{"@type":"ListItem","position":2,"name":"Rejoignez la communaut\u00e9"}]},{"@type":"WebSite","@id":"https:\/\/sustainabilityillustrated.com\/fr\/#website","url":"https:\/\/sustainabilityillustrated.com\/fr\/","name":"D\u00e9veloppement durable illustr\u00e9","description":"Apprenez gratuitement avec des vid\u00e9os engageantes","publisher":{"@id":"https:\/\/sustainabilityillustrated.com\/fr\/#organization"},"potentialAction":[{"@type":"SearchAction","target":{"@type":"EntryPoint","urlTemplate":"https:\/\/sustainabilityillustrated.com\/fr\/?s={search_term_string}"},"query-input":{"@type":"PropertyValueSpecification","valueRequired":true,"valueName":"search_term_string"}}],"inLanguage":"fr-FR"},{"@type":"Organization","@id":"https:\/\/sustainabilityillustrated.com\/fr\/#organization","name":"D\u00e9veloppement durable illustr\u00e9","url":"https:\/\/sustainabilityillustrated.com\/fr\/","logo":{"@type":"ImageObject","inLanguage":"fr-FR","@id":"https:\/\/sustainabilityillustrated.com\/fr\/#\/schema\/logo\/image\/","url":"https:\/\/sustainabilityillustrated.com\/fr\/files\/2020\/02\/Logo-Developpement-Durable-Illustre-Retina-2020.png","contentUrl":"https:\/\/sustainabilityillustrated.com\/fr\/files\/2020\/02\/Logo-Developpement-Durable-Illustre-Retina-2020.png","width":700,"height":128,"caption":"D\u00e9veloppement durable illustr\u00e9"},"image":{"@id":"https:\/\/sustainabilityillustrated.com\/fr\/#\/schema\/logo\/image\/"},"sameAs":["https:\/\/x.com\/Sustain_Illustr","https:\/\/www.linkedin.com\/in\/alexandremagnin\/"]}]}},"campaignId":"","_links":{"self":[{"href":"https:\/\/sustainabilityillustrated.com\/fr\/wp-json\/wp\/v2\/pages\/1233","targetHints":{"allow":["GET"]}}],"collection":[{"href":"https:\/\/sustainabilityillustrated.com\/fr\/wp-json\/wp\/v2\/pages"}],"about":[{"href":"https:\/\/sustainabilityillustrated.com\/fr\/wp-json\/wp\/v2\/types\/page"}],"author":[{"embeddable":true,"href":"https:\/\/sustainabilityillustrated.com\/fr\/wp-json\/wp\/v2\/users\/1"}],"replies":[{"embeddable":true,"href":"https:\/\/sustainabilityillustrated.com\/fr\/wp-json\/wp\/v2\/comments?post=1233"}],"version-history":[{"count":0,"href":"https:\/\/sustainabilityillustrated.com\/fr\/wp-json\/wp\/v2\/pages\/1233\/revisions"}],"wp:featuredmedia":[{"embeddable":true,"href":"https:\/\/sustainabilityillustrated.com\/fr\/wp-json\/wp\/v2\/media\/1453"}],"wp:attachment":[{"href":"https:\/\/sustainabilityillustrated.com\/fr\/wp-json\/wp\/v2\/media?parent=1233"}],"curies":[{"name":"wp","href":"https:\/\/api.w.org\/{rel}","templated":true}]}}