{"id":1922,"date":"2018-03-19T09:45:57","date_gmt":"2018-03-19T16:45:57","guid":{"rendered":"https:\/\/sustainabilityillustrated.com\/fr\/?page_id=1922"},"modified":"2019-04-09T10:55:11","modified_gmt":"2019-04-09T17:55:11","slug":"dessins-du-developpement-durable","status":"publish","type":"page","link":"https:\/\/sustainabilityillustrated.com\/fr\/dessins-du-developpement-durable\/","title":{"rendered":"Dessins sur le d\u00e9veloppement durable"},"content":{"rendered":"[vc_row type=\u00a0\u00bbin_container\u00a0\u00bb full_screen_row_position=\u00a0\u00bbmiddle\u00a0\u00bb scene_position=\u00a0\u00bbcenter\u00a0\u00bb text_color=\u00a0\u00bbdark\u00a0\u00bb text_align=\u00a0\u00bbleft\u00a0\u00bb overlay_strength=\u00a0\u00bb0.3&Prime; shape_divider_position=\u00a0\u00bbbottom\u00a0\u00bb bg_image_animation=\u00a0\u00bbnone\u00a0\u00bb][vc_column column_padding=\u00a0\u00bbno-extra-padding\u00a0\u00bb column_padding_position=\u00a0\u00bball\u00a0\u00bb background_color_opacity=\u00a0\u00bb1&Prime; background_hover_color_opacity=\u00a0\u00bb1&Prime; column_link_target=\u00a0\u00bb_self\u00a0\u00bb column_shadow=\u00a0\u00bbnone\u00a0\u00bb column_border_radius=\u00a0\u00bbnone\u00a0\u00bb width=\u00a0\u00bb1\/1&Prime; tablet_width_inherit=\u00a0\u00bbdefault\u00a0\u00bb tablet_text_alignment=\u00a0\u00bbdefault\u00a0\u00bb phone_text_alignment=\u00a0\u00bbdefault\u00a0\u00bb column_border_width=\u00a0\u00bbnone\u00a0\u00bb column_border_style=\u00a0\u00bbsolid\u00a0\u00bb bg_image_animation=\u00a0\u00bbnone\u00a0\u00bb][nectar_blog layout=\u00a0\u00bbmasonry-blog-fullwidth\u00a0\u00bb blog_masonry_style=\u00a0\u00bbmaterial\u00a0\u00bb category=\u00a0\u00bbdessin\u00a0\u00bb enable_pagination=\u00a0\u00bbtrue\u00a0\u00bb pagination_type=\u00a0\u00bbinfinite_scroll\u00a0\u00bb load_in_animation=\u00a0\u00bbnone\u00a0\u00bb order=\u00a0\u00bbDESC\u00a0\u00bb orderby=\u00a0\u00bbdate\u00a0\u00bb][\/vc_column][\/vc_row]\n","protected":false},"excerpt":{"rendered":"<p>[vc_row type=\u00a0\u00bbin_container\u00a0\u00bb full_screen_row_position=\u00a0\u00bbmiddle\u00a0\u00bb scene_position=\u00a0\u00bbcenter\u00a0\u00bb text_color=\u00a0\u00bbdark\u00a0\u00bb text_align=\u00a0\u00bbleft\u00a0\u00bb overlay_strength=\u00a0\u00bb0.3&Prime; shape_divider_position=\u00a0\u00bbbottom\u00a0\u00bb bg_image_animation=\u00a0\u00bbnone\u00a0\u00bb][vc_column column_padding=\u00a0\u00bbno-extra-padding\u00a0\u00bb column_padding_position=\u00a0\u00bball\u00a0\u00bb background_color_opacity=\u00a0\u00bb1&Prime; background_hover_color_opacity=\u00a0\u00bb1&Prime; column_link_target=\u00a0\u00bb_self\u00a0\u00bb column_shadow=\u00a0\u00bbnone\u00a0\u00bb column_border_radius=\u00a0\u00bbnone\u00a0\u00bb width=\u00a0\u00bb1\/1&Prime; tablet_width_inherit=\u00a0\u00bbdefault\u00a0\u00bb tablet_text_alignment=\u00a0\u00bbdefault\u00a0\u00bb phone_text_alignment=\u00a0\u00bbdefault\u00a0\u00bb column_border_width=\u00a0\u00bbnone\u00a0\u00bb column_border_style=\u00a0\u00bbsolid\u00a0\u00bb bg_image_animation=\u00a0\u00bbnone\u00a0\u00bb][nectar_blog layout=\u00a0\u00bbmasonry-blog-fullwidth\u00a0\u00bb blog_masonry_style=\u00a0\u00bbmaterial\u00a0\u00bb category=\u00a0\u00bbdessin\u00a0\u00bb enable_pagination=\u00a0\u00bbtrue\u00a0\u00bb pagination_type=\u00a0\u00bbinfinite_scroll\u00a0\u00bb load_in_animation=\u00a0\u00bbnone\u00a0\u00bb order=\u00a0\u00bbDESC\u00a0\u00bb&#8230;<\/p>\n","protected":false},"author":1,"featured_media":0,"parent":0,"menu_order":0,"comment_status":"closed","ping_status":"closed","template":"","meta":{"give_campaign_id":0,"footnotes":""},"class_list":["post-1922","page","type-page","status-publish"],"yoast_head":"<!-- This site is optimized with the Yoast SEO plugin v27.4 - https:\/\/yoast.com\/product\/yoast-seo-wordpress\/ -->\n<title>Dessins sur le d\u00e9veloppement durable - D\u00e9veloppement durable illustr\u00e9<\/title>\n<meta name=\"robots\" content=\"index, follow, max-snippet:-1, max-image-preview:large, max-video-preview:-1\" \/>\n<link rel=\"canonical\" href=\"https:\/\/sustainabilityillustrated.com\/fr\/dessins-du-developpement-durable\/\" \/>\n<meta property=\"og:locale\" content=\"fr_FR\" \/>\n<meta property=\"og:type\" content=\"article\" \/>\n<meta property=\"og:title\" content=\"Dessins sur le d\u00e9veloppement durable - D\u00e9veloppement durable illustr\u00e9\" \/>\n<meta property=\"og:description\" content=\"[vc_row type=\u00a0\u00bbin_container\u00a0\u00bb full_screen_row_position=\u00a0\u00bbmiddle\u00a0\u00bb scene_position=\u00a0\u00bbcenter\u00a0\u00bb text_color=\u00a0\u00bbdark\u00a0\u00bb text_align=\u00a0\u00bbleft\u00a0\u00bb overlay_strength=\u00a0\u00bb0.3&Prime; shape_divider_position=\u00a0\u00bbbottom\u00a0\u00bb bg_image_animation=\u00a0\u00bbnone\u00a0\u00bb][vc_column column_padding=\u00a0\u00bbno-extra-padding\u00a0\u00bb column_padding_position=\u00a0\u00bball\u00a0\u00bb background_color_opacity=\u00a0\u00bb1&Prime; background_hover_color_opacity=\u00a0\u00bb1&Prime; column_link_target=\u00a0\u00bb_self\u00a0\u00bb column_shadow=\u00a0\u00bbnone\u00a0\u00bb column_border_radius=\u00a0\u00bbnone\u00a0\u00bb width=\u00a0\u00bb1\/1&Prime; tablet_width_inherit=\u00a0\u00bbdefault\u00a0\u00bb tablet_text_alignment=\u00a0\u00bbdefault\u00a0\u00bb phone_text_alignment=\u00a0\u00bbdefault\u00a0\u00bb column_border_width=\u00a0\u00bbnone\u00a0\u00bb column_border_style=\u00a0\u00bbsolid\u00a0\u00bb bg_image_animation=\u00a0\u00bbnone\u00a0\u00bb][nectar_blog layout=\u00a0\u00bbmasonry-blog-fullwidth\u00a0\u00bb blog_masonry_style=\u00a0\u00bbmaterial\u00a0\u00bb category=\u00a0\u00bbdessin\u00a0\u00bb enable_pagination=\u00a0\u00bbtrue\u00a0\u00bb pagination_type=\u00a0\u00bbinfinite_scroll\u00a0\u00bb load_in_animation=\u00a0\u00bbnone\u00a0\u00bb order=\u00a0\u00bbDESC\u00a0\u00bb...\" \/>\n<meta property=\"og:url\" content=\"https:\/\/sustainabilityillustrated.com\/fr\/dessins-du-developpement-durable\/\" \/>\n<meta property=\"og:site_name\" content=\"D\u00e9veloppement durable illustr\u00e9\" \/>\n<meta property=\"article:modified_time\" content=\"2019-04-09T17:55:11+00:00\" \/>\n<meta name=\"twitter:label1\" content=\"Dur\u00e9e de lecture estim\u00e9e\" \/>\n\t<meta name=\"twitter:data1\" content=\"1 minute\" \/>\n<script type=\"application\/ld+json\" class=\"yoast-schema-graph\">{\"@context\":\"https:\\\/\\\/schema.org\",\"@graph\":[{\"@type\":\"WebPage\",\"@id\":\"https:\\\/\\\/sustainabilityillustrated.com\\\/fr\\\/dessins-du-developpement-durable\\\/\",\"url\":\"https:\\\/\\\/sustainabilityillustrated.com\\\/fr\\\/dessins-du-developpement-durable\\\/\",\"name\":\"Dessins sur le d\u00e9veloppement durable - D\u00e9veloppement durable illustr\u00e9\",\"isPartOf\":{\"@id\":\"https:\\\/\\\/sustainabilityillustrated.com\\\/fr\\\/#website\"},\"datePublished\":\"2018-03-19T16:45:57+00:00\",\"dateModified\":\"2019-04-09T17:55:11+00:00\",\"breadcrumb\":{\"@id\":\"https:\\\/\\\/sustainabilityillustrated.com\\\/fr\\\/dessins-du-developpement-durable\\\/#breadcrumb\"},\"inLanguage\":\"fr-FR\",\"potentialAction\":[{\"@type\":\"ReadAction\",\"target\":[\"https:\\\/\\\/sustainabilityillustrated.com\\\/fr\\\/dessins-du-developpement-durable\\\/\"]}]},{\"@type\":\"BreadcrumbList\",\"@id\":\"https:\\\/\\\/sustainabilityillustrated.com\\\/fr\\\/dessins-du-developpement-durable\\\/#breadcrumb\",\"itemListElement\":[{\"@type\":\"ListItem\",\"position\":1,\"name\":\"Accueil\",\"item\":\"https:\\\/\\\/sustainabilityillustrated.com\\\/fr\\\/\"},{\"@type\":\"ListItem\",\"position\":2,\"name\":\"Dessins sur le d\u00e9veloppement durable\"}]},{\"@type\":\"WebSite\",\"@id\":\"https:\\\/\\\/sustainabilityillustrated.com\\\/fr\\\/#website\",\"url\":\"https:\\\/\\\/sustainabilityillustrated.com\\\/fr\\\/\",\"name\":\"D\u00e9veloppement durable illustr\u00e9\",\"description\":\"Apprenez gratuitement avec des vid\u00e9os engageantes\",\"publisher\":{\"@id\":\"https:\\\/\\\/sustainabilityillustrated.com\\\/fr\\\/#organization\"},\"potentialAction\":[{\"@type\":\"SearchAction\",\"target\":{\"@type\":\"EntryPoint\",\"urlTemplate\":\"https:\\\/\\\/sustainabilityillustrated.com\\\/fr\\\/?s={search_term_string}\"},\"query-input\":{\"@type\":\"PropertyValueSpecification\",\"valueRequired\":true,\"valueName\":\"search_term_string\"}}],\"inLanguage\":\"fr-FR\"},{\"@type\":\"Organization\",\"@id\":\"https:\\\/\\\/sustainabilityillustrated.com\\\/fr\\\/#organization\",\"name\":\"D\u00e9veloppement durable illustr\u00e9\",\"url\":\"https:\\\/\\\/sustainabilityillustrated.com\\\/fr\\\/\",\"logo\":{\"@type\":\"ImageObject\",\"inLanguage\":\"fr-FR\",\"@id\":\"https:\\\/\\\/sustainabilityillustrated.com\\\/fr\\\/#\\\/schema\\\/logo\\\/image\\\/\",\"url\":\"https:\\\/\\\/sustainabilityillustrated.com\\\/fr\\\/files\\\/2020\\\/02\\\/Logo-Developpement-Durable-Illustre-Retina-2020.png\",\"contentUrl\":\"https:\\\/\\\/sustainabilityillustrated.com\\\/fr\\\/files\\\/2020\\\/02\\\/Logo-Developpement-Durable-Illustre-Retina-2020.png\",\"width\":700,\"height\":128,\"caption\":\"D\u00e9veloppement durable illustr\u00e9\"},\"image\":{\"@id\":\"https:\\\/\\\/sustainabilityillustrated.com\\\/fr\\\/#\\\/schema\\\/logo\\\/image\\\/\"},\"sameAs\":[\"https:\\\/\\\/x.com\\\/Sustain_Illustr\",\"https:\\\/\\\/www.linkedin.com\\\/in\\\/alexandremagnin\\\/\"]}]}<\/script>\n<!-- \/ Yoast SEO plugin. -->","yoast_head_json":{"title":"Dessins sur le d\u00e9veloppement durable - D\u00e9veloppement durable illustr\u00e9","robots":{"index":"index","follow":"follow","max-snippet":"max-snippet:-1","max-image-preview":"max-image-preview:large","max-video-preview":"max-video-preview:-1"},"canonical":"https:\/\/sustainabilityillustrated.com\/fr\/dessins-du-developpement-durable\/","og_locale":"fr_FR","og_type":"article","og_title":"Dessins sur le d\u00e9veloppement durable - D\u00e9veloppement durable illustr\u00e9","og_description":"[vc_row type=\u00a0\u00bbin_container\u00a0\u00bb full_screen_row_position=\u00a0\u00bbmiddle\u00a0\u00bb scene_position=\u00a0\u00bbcenter\u00a0\u00bb text_color=\u00a0\u00bbdark\u00a0\u00bb text_align=\u00a0\u00bbleft\u00a0\u00bb overlay_strength=\u00a0\u00bb0.3&Prime; shape_divider_position=\u00a0\u00bbbottom\u00a0\u00bb bg_image_animation=\u00a0\u00bbnone\u00a0\u00bb][vc_column column_padding=\u00a0\u00bbno-extra-padding\u00a0\u00bb column_padding_position=\u00a0\u00bball\u00a0\u00bb background_color_opacity=\u00a0\u00bb1&Prime; background_hover_color_opacity=\u00a0\u00bb1&Prime; column_link_target=\u00a0\u00bb_self\u00a0\u00bb column_shadow=\u00a0\u00bbnone\u00a0\u00bb column_border_radius=\u00a0\u00bbnone\u00a0\u00bb width=\u00a0\u00bb1\/1&Prime; tablet_width_inherit=\u00a0\u00bbdefault\u00a0\u00bb tablet_text_alignment=\u00a0\u00bbdefault\u00a0\u00bb phone_text_alignment=\u00a0\u00bbdefault\u00a0\u00bb column_border_width=\u00a0\u00bbnone\u00a0\u00bb column_border_style=\u00a0\u00bbsolid\u00a0\u00bb bg_image_animation=\u00a0\u00bbnone\u00a0\u00bb][nectar_blog layout=\u00a0\u00bbmasonry-blog-fullwidth\u00a0\u00bb blog_masonry_style=\u00a0\u00bbmaterial\u00a0\u00bb category=\u00a0\u00bbdessin\u00a0\u00bb enable_pagination=\u00a0\u00bbtrue\u00a0\u00bb pagination_type=\u00a0\u00bbinfinite_scroll\u00a0\u00bb load_in_animation=\u00a0\u00bbnone\u00a0\u00bb order=\u00a0\u00bbDESC\u00a0\u00bb...","og_url":"https:\/\/sustainabilityillustrated.com\/fr\/dessins-du-developpement-durable\/","og_site_name":"D\u00e9veloppement durable illustr\u00e9","article_modified_time":"2019-04-09T17:55:11+00:00","twitter_misc":{"Dur\u00e9e de lecture estim\u00e9e":"1 minute"},"schema":{"@context":"https:\/\/schema.org","@graph":[{"@type":"WebPage","@id":"https:\/\/sustainabilityillustrated.com\/fr\/dessins-du-developpement-durable\/","url":"https:\/\/sustainabilityillustrated.com\/fr\/dessins-du-developpement-durable\/","name":"Dessins sur le d\u00e9veloppement durable - D\u00e9veloppement durable illustr\u00e9","isPartOf":{"@id":"https:\/\/sustainabilityillustrated.com\/fr\/#website"},"datePublished":"2018-03-19T16:45:57+00:00","dateModified":"2019-04-09T17:55:11+00:00","breadcrumb":{"@id":"https:\/\/sustainabilityillustrated.com\/fr\/dessins-du-developpement-durable\/#breadcrumb"},"inLanguage":"fr-FR","potentialAction":[{"@type":"ReadAction","target":["https:\/\/sustainabilityillustrated.com\/fr\/dessins-du-developpement-durable\/"]}]},{"@type":"BreadcrumbList","@id":"https:\/\/sustainabilityillustrated.com\/fr\/dessins-du-developpement-durable\/#breadcrumb","itemListElement":[{"@type":"ListItem","position":1,"name":"Accueil","item":"https:\/\/sustainabilityillustrated.com\/fr\/"},{"@type":"ListItem","position":2,"name":"Dessins sur le d\u00e9veloppement durable"}]},{"@type":"WebSite","@id":"https:\/\/sustainabilityillustrated.com\/fr\/#website","url":"https:\/\/sustainabilityillustrated.com\/fr\/","name":"D\u00e9veloppement durable illustr\u00e9","description":"Apprenez gratuitement avec des vid\u00e9os engageantes","publisher":{"@id":"https:\/\/sustainabilityillustrated.com\/fr\/#organization"},"potentialAction":[{"@type":"SearchAction","target":{"@type":"EntryPoint","urlTemplate":"https:\/\/sustainabilityillustrated.com\/fr\/?s={search_term_string}"},"query-input":{"@type":"PropertyValueSpecification","valueRequired":true,"valueName":"search_term_string"}}],"inLanguage":"fr-FR"},{"@type":"Organization","@id":"https:\/\/sustainabilityillustrated.com\/fr\/#organization","name":"D\u00e9veloppement durable illustr\u00e9","url":"https:\/\/sustainabilityillustrated.com\/fr\/","logo":{"@type":"ImageObject","inLanguage":"fr-FR","@id":"https:\/\/sustainabilityillustrated.com\/fr\/#\/schema\/logo\/image\/","url":"https:\/\/sustainabilityillustrated.com\/fr\/files\/2020\/02\/Logo-Developpement-Durable-Illustre-Retina-2020.png","contentUrl":"https:\/\/sustainabilityillustrated.com\/fr\/files\/2020\/02\/Logo-Developpement-Durable-Illustre-Retina-2020.png","width":700,"height":128,"caption":"D\u00e9veloppement durable illustr\u00e9"},"image":{"@id":"https:\/\/sustainabilityillustrated.com\/fr\/#\/schema\/logo\/image\/"},"sameAs":["https:\/\/x.com\/Sustain_Illustr","https:\/\/www.linkedin.com\/in\/alexandremagnin\/"]}]}},"campaignId":"","_links":{"self":[{"href":"https:\/\/sustainabilityillustrated.com\/fr\/wp-json\/wp\/v2\/pages\/1922","targetHints":{"allow":["GET"]}}],"collection":[{"href":"https:\/\/sustainabilityillustrated.com\/fr\/wp-json\/wp\/v2\/pages"}],"about":[{"href":"https:\/\/sustainabilityillustrated.com\/fr\/wp-json\/wp\/v2\/types\/page"}],"author":[{"embeddable":true,"href":"https:\/\/sustainabilityillustrated.com\/fr\/wp-json\/wp\/v2\/users\/1"}],"replies":[{"embeddable":true,"href":"https:\/\/sustainabilityillustrated.com\/fr\/wp-json\/wp\/v2\/comments?post=1922"}],"version-history":[{"count":0,"href":"https:\/\/sustainabilityillustrated.com\/fr\/wp-json\/wp\/v2\/pages\/1922\/revisions"}],"wp:attachment":[{"href":"https:\/\/sustainabilityillustrated.com\/fr\/wp-json\/wp\/v2\/media?parent=1922"}],"curies":[{"name":"wp","href":"https:\/\/api.w.org\/{rel}","templated":true}]}}