{"id":2223,"date":"2019-02-15T08:21:37","date_gmt":"2019-02-15T16:21:37","guid":{"rendered":"https:\/\/sustainabilityillustrated.com\/fr\/historique-des-dons\/"},"modified":"2019-02-15T08:21:37","modified_gmt":"2019-02-15T16:21:37","slug":"historique-des-dons","status":"publish","type":"page","link":"https:\/\/sustainabilityillustrated.com\/fr\/historique-des-dons\/","title":{"rendered":"Historique des dons"},"content":{"rendered":"\t<div class=\"give-form\">\n\t\t<form method=\"post\" id=\"give-email-access-form\">\n\t\t\t<p>\n\t\t\t\tVeuillez v\u00e9rifier votre adresse e-mail pour acc\u00e9der \u00e0 votre historique de don.\t\t\t<\/p>\n\n\t\t\t<label for=\"give-email\">E-mail du don\u00a0:<\/label>\n\t\t\t<input id=\"give-email\" type=\"email\" name=\"give_email\" value=\"\"\n\t\t\t\t\tplaceholder=\"Adresse e-mail\"\/>\n\t\t\t<input type=\"hidden\" name=\"_wpnonce\" value=\"2528a0a997\"\/>\n\t\t\t<input type=\"hidden\" name=\"give_action\" value=\"email_access_form_login\"\/>\n\t\t\t<input type=\"hidden\" name=\"give_access_page\" value=\"2223\"\/>\n\n\t\t\t\n\t\t\t<input type=\"submit\" class=\"give-submit\" value=\"V\u00e9rifier l\u2019e-mail\"\/>\n\t\t<\/form>\n\t<\/div>\n\t\n","protected":false},"excerpt":{"rendered":"","protected":false},"author":1,"featured_media":0,"parent":0,"menu_order":0,"comment_status":"closed","ping_status":"closed","template":"","meta":{"give_campaign_id":0,"footnotes":""},"class_list":["post-2223","page","type-page","status-publish"],"yoast_head":"<!-- This site is optimized with the Yoast SEO plugin v27.5 - https:\/\/yoast.com\/product\/yoast-seo-wordpress\/ -->\n<title>Historique des dons - D\u00e9veloppement durable illustr\u00e9<\/title>\n<meta name=\"robots\" content=\"index, follow, max-snippet:-1, max-image-preview:large, max-video-preview:-1\" \/>\n<link rel=\"canonical\" href=\"https:\/\/sustainabilityillustrated.com\/fr\/historique-des-dons\/\" \/>\n<meta property=\"og:locale\" content=\"fr_FR\" \/>\n<meta property=\"og:type\" content=\"article\" \/>\n<meta property=\"og:title\" content=\"Historique des dons - D\u00e9veloppement durable illustr\u00e9\" \/>\n<meta property=\"og:url\" content=\"https:\/\/sustainabilityillustrated.com\/fr\/historique-des-dons\/\" \/>\n<meta property=\"og:site_name\" content=\"D\u00e9veloppement durable illustr\u00e9\" \/>\n<script type=\"application\/ld+json\" class=\"yoast-schema-graph\">{\"@context\":\"https:\\\/\\\/schema.org\",\"@graph\":[{\"@type\":\"WebPage\",\"@id\":\"https:\\\/\\\/sustainabilityillustrated.com\\\/fr\\\/historique-des-dons\\\/\",\"url\":\"https:\\\/\\\/sustainabilityillustrated.com\\\/fr\\\/historique-des-dons\\\/\",\"name\":\"Historique des dons - D\u00e9veloppement durable illustr\u00e9\",\"isPartOf\":{\"@id\":\"https:\\\/\\\/sustainabilityillustrated.com\\\/fr\\\/#website\"},\"datePublished\":\"2019-02-15T16:21:37+00:00\",\"breadcrumb\":{\"@id\":\"https:\\\/\\\/sustainabilityillustrated.com\\\/fr\\\/historique-des-dons\\\/#breadcrumb\"},\"inLanguage\":\"fr-FR\",\"potentialAction\":[{\"@type\":\"ReadAction\",\"target\":[\"https:\\\/\\\/sustainabilityillustrated.com\\\/fr\\\/historique-des-dons\\\/\"]}]},{\"@type\":\"BreadcrumbList\",\"@id\":\"https:\\\/\\\/sustainabilityillustrated.com\\\/fr\\\/historique-des-dons\\\/#breadcrumb\",\"itemListElement\":[{\"@type\":\"ListItem\",\"position\":1,\"name\":\"Accueil\",\"item\":\"https:\\\/\\\/sustainabilityillustrated.com\\\/fr\\\/\"},{\"@type\":\"ListItem\",\"position\":2,\"name\":\"Historique des dons\"}]},{\"@type\":\"WebSite\",\"@id\":\"https:\\\/\\\/sustainabilityillustrated.com\\\/fr\\\/#website\",\"url\":\"https:\\\/\\\/sustainabilityillustrated.com\\\/fr\\\/\",\"name\":\"D\u00e9veloppement durable illustr\u00e9\",\"description\":\"Apprenez gratuitement avec des vid\u00e9os engageantes\",\"publisher\":{\"@id\":\"https:\\\/\\\/sustainabilityillustrated.com\\\/fr\\\/#organization\"},\"potentialAction\":[{\"@type\":\"SearchAction\",\"target\":{\"@type\":\"EntryPoint\",\"urlTemplate\":\"https:\\\/\\\/sustainabilityillustrated.com\\\/fr\\\/?s={search_term_string}\"},\"query-input\":{\"@type\":\"PropertyValueSpecification\",\"valueRequired\":true,\"valueName\":\"search_term_string\"}}],\"inLanguage\":\"fr-FR\"},{\"@type\":\"Organization\",\"@id\":\"https:\\\/\\\/sustainabilityillustrated.com\\\/fr\\\/#organization\",\"name\":\"D\u00e9veloppement durable illustr\u00e9\",\"url\":\"https:\\\/\\\/sustainabilityillustrated.com\\\/fr\\\/\",\"logo\":{\"@type\":\"ImageObject\",\"inLanguage\":\"fr-FR\",\"@id\":\"https:\\\/\\\/sustainabilityillustrated.com\\\/fr\\\/#\\\/schema\\\/logo\\\/image\\\/\",\"url\":\"https:\\\/\\\/sustainabilityillustrated.com\\\/fr\\\/files\\\/2020\\\/02\\\/Logo-Developpement-Durable-Illustre-Retina-2020.png\",\"contentUrl\":\"https:\\\/\\\/sustainabilityillustrated.com\\\/fr\\\/files\\\/2020\\\/02\\\/Logo-Developpement-Durable-Illustre-Retina-2020.png\",\"width\":700,\"height\":128,\"caption\":\"D\u00e9veloppement durable illustr\u00e9\"},\"image\":{\"@id\":\"https:\\\/\\\/sustainabilityillustrated.com\\\/fr\\\/#\\\/schema\\\/logo\\\/image\\\/\"},\"sameAs\":[\"https:\\\/\\\/x.com\\\/Sustain_Illustr\",\"https:\\\/\\\/www.linkedin.com\\\/in\\\/alexandremagnin\\\/\"]}]}<\/script>\n<!-- \/ Yoast SEO plugin. -->","yoast_head_json":{"title":"Historique des dons - D\u00e9veloppement durable illustr\u00e9","robots":{"index":"index","follow":"follow","max-snippet":"max-snippet:-1","max-image-preview":"max-image-preview:large","max-video-preview":"max-video-preview:-1"},"canonical":"https:\/\/sustainabilityillustrated.com\/fr\/historique-des-dons\/","og_locale":"fr_FR","og_type":"article","og_title":"Historique des dons - D\u00e9veloppement durable illustr\u00e9","og_url":"https:\/\/sustainabilityillustrated.com\/fr\/historique-des-dons\/","og_site_name":"D\u00e9veloppement durable illustr\u00e9","schema":{"@context":"https:\/\/schema.org","@graph":[{"@type":"WebPage","@id":"https:\/\/sustainabilityillustrated.com\/fr\/historique-des-dons\/","url":"https:\/\/sustainabilityillustrated.com\/fr\/historique-des-dons\/","name":"Historique des dons - D\u00e9veloppement durable illustr\u00e9","isPartOf":{"@id":"https:\/\/sustainabilityillustrated.com\/fr\/#website"},"datePublished":"2019-02-15T16:21:37+00:00","breadcrumb":{"@id":"https:\/\/sustainabilityillustrated.com\/fr\/historique-des-dons\/#breadcrumb"},"inLanguage":"fr-FR","potentialAction":[{"@type":"ReadAction","target":["https:\/\/sustainabilityillustrated.com\/fr\/historique-des-dons\/"]}]},{"@type":"BreadcrumbList","@id":"https:\/\/sustainabilityillustrated.com\/fr\/historique-des-dons\/#breadcrumb","itemListElement":[{"@type":"ListItem","position":1,"name":"Accueil","item":"https:\/\/sustainabilityillustrated.com\/fr\/"},{"@type":"ListItem","position":2,"name":"Historique des dons"}]},{"@type":"WebSite","@id":"https:\/\/sustainabilityillustrated.com\/fr\/#website","url":"https:\/\/sustainabilityillustrated.com\/fr\/","name":"D\u00e9veloppement durable illustr\u00e9","description":"Apprenez gratuitement avec des vid\u00e9os engageantes","publisher":{"@id":"https:\/\/sustainabilityillustrated.com\/fr\/#organization"},"potentialAction":[{"@type":"SearchAction","target":{"@type":"EntryPoint","urlTemplate":"https:\/\/sustainabilityillustrated.com\/fr\/?s={search_term_string}"},"query-input":{"@type":"PropertyValueSpecification","valueRequired":true,"valueName":"search_term_string"}}],"inLanguage":"fr-FR"},{"@type":"Organization","@id":"https:\/\/sustainabilityillustrated.com\/fr\/#organization","name":"D\u00e9veloppement durable illustr\u00e9","url":"https:\/\/sustainabilityillustrated.com\/fr\/","logo":{"@type":"ImageObject","inLanguage":"fr-FR","@id":"https:\/\/sustainabilityillustrated.com\/fr\/#\/schema\/logo\/image\/","url":"https:\/\/sustainabilityillustrated.com\/fr\/files\/2020\/02\/Logo-Developpement-Durable-Illustre-Retina-2020.png","contentUrl":"https:\/\/sustainabilityillustrated.com\/fr\/files\/2020\/02\/Logo-Developpement-Durable-Illustre-Retina-2020.png","width":700,"height":128,"caption":"D\u00e9veloppement durable illustr\u00e9"},"image":{"@id":"https:\/\/sustainabilityillustrated.com\/fr\/#\/schema\/logo\/image\/"},"sameAs":["https:\/\/x.com\/Sustain_Illustr","https:\/\/www.linkedin.com\/in\/alexandremagnin\/"]}]}},"campaignId":"","_links":{"self":[{"href":"https:\/\/sustainabilityillustrated.com\/fr\/wp-json\/wp\/v2\/pages\/2223","targetHints":{"allow":["GET"]}}],"collection":[{"href":"https:\/\/sustainabilityillustrated.com\/fr\/wp-json\/wp\/v2\/pages"}],"about":[{"href":"https:\/\/sustainabilityillustrated.com\/fr\/wp-json\/wp\/v2\/types\/page"}],"author":[{"embeddable":true,"href":"https:\/\/sustainabilityillustrated.com\/fr\/wp-json\/wp\/v2\/users\/1"}],"replies":[{"embeddable":true,"href":"https:\/\/sustainabilityillustrated.com\/fr\/wp-json\/wp\/v2\/comments?post=2223"}],"version-history":[{"count":0,"href":"https:\/\/sustainabilityillustrated.com\/fr\/wp-json\/wp\/v2\/pages\/2223\/revisions"}],"wp:attachment":[{"href":"https:\/\/sustainabilityillustrated.com\/fr\/wp-json\/wp\/v2\/media?parent=2223"}],"curies":[{"name":"wp","href":"https:\/\/api.w.org\/{rel}","templated":true}]}}