{"id":2244,"date":"2019-02-26T11:14:03","date_gmt":"2019-02-26T19:14:03","guid":{"rendered":"https:\/\/sustainabilityillustrated.com\/fr\/?page_id=2244"},"modified":"2019-02-26T11:14:03","modified_gmt":"2019-02-26T19:14:03","slug":"pourboires-dons","status":"publish","type":"page","link":"https:\/\/sustainabilityillustrated.com\/fr\/pourboires-dons\/","title":{"rendered":"Pourboires &#038; dons"},"content":{"rendered":"[vc_row type=\u00a0\u00bbin_container\u00a0\u00bb full_screen_row_position=\u00a0\u00bbmiddle\u00a0\u00bb scene_position=\u00a0\u00bbcenter\u00a0\u00bb text_color=\u00a0\u00bbdark\u00a0\u00bb text_align=\u00a0\u00bbleft\u00a0\u00bb overlay_strength=\u00a0\u00bb0.3&Prime; shape_divider_position=\u00a0\u00bbbottom\u00a0\u00bb bg_image_animation=\u00a0\u00bbnone\u00a0\u00bb][vc_column column_padding=\u00a0\u00bbno-extra-padding\u00a0\u00bb column_padding_position=\u00a0\u00bball\u00a0\u00bb background_color_opacity=\u00a0\u00bb1&Prime; background_hover_color_opacity=\u00a0\u00bb1&Prime; column_link_target=\u00a0\u00bb_self\u00a0\u00bb column_shadow=\u00a0\u00bbnone\u00a0\u00bb column_border_radius=\u00a0\u00bbnone\u00a0\u00bb width=\u00a0\u00bb1\/4&Prime; tablet_width_inherit=\u00a0\u00bbdefault\u00a0\u00bb tablet_text_alignment=\u00a0\u00bbdefault\u00a0\u00bb phone_text_alignment=\u00a0\u00bbdefault\u00a0\u00bb column_border_width=\u00a0\u00bbnone\u00a0\u00bb column_border_style=\u00a0\u00bbsolid\u00a0\u00bb bg_image_animation=\u00a0\u00bbnone\u00a0\u00bb][image_with_animation image_url=\u00a0\u00bb2245&Prime; alignment=\u00a0\u00bb\u00a0\u00bb animation=\u00a0\u00bbFade In\u00a0\u00bb border_radius=\u00a0\u00bbnone\u00a0\u00bb box_shadow=\u00a0\u00bbnone\u00a0\u00bb max_width=\u00a0\u00bb100%\u00a0\u00bb][\/vc_column][vc_column column_padding=\u00a0\u00bbno-extra-padding\u00a0\u00bb column_padding_position=\u00a0\u00bball\u00a0\u00bb background_color_opacity=\u00a0\u00bb1&Prime; background_hover_color_opacity=\u00a0\u00bb1&Prime; column_link_target=\u00a0\u00bb_self\u00a0\u00bb column_shadow=\u00a0\u00bbnone\u00a0\u00bb column_border_radius=\u00a0\u00bbnone\u00a0\u00bb width=\u00a0\u00bb3\/4&Prime; tablet_width_inherit=\u00a0\u00bbdefault\u00a0\u00bb tablet_text_alignment=\u00a0\u00bbdefault\u00a0\u00bb phone_text_alignment=\u00a0\u00bbdefault\u00a0\u00bb column_border_width=\u00a0\u00bbnone\u00a0\u00bb column_border_style=\u00a0\u00bbsolid\u00a0\u00bb bg_image_animation=\u00a0\u00bbnone\u00a0\u00bb][vc_column_text]\t<div id=\"give-form-2241-wrap\" class=\"give-form-wrap give-display-onpage\">\n\t\t<div id=\"give-form-content-2241\" class=\"give-form-content-wrap give_pre_form-content\"><ul>\n<li><strong>Pourboires\u00a0<\/strong>: Certaines personnes donnent un pourboire de 5$, 10$ ou 20$ pour montrer qu&rsquo;ils appr\u00e9cient le contenu.<\/li>\n<li><strong>Dons<\/strong>: D&rsquo;autres effectuent un don de 100$, 200$ ou 500$ refl\u00e9tant la valeur qu&rsquo;ils attribuent \u00e0 l&rsquo;utilisation de nos vid\u00e9os et dessins dans leur travail et leurs communications.<\/li>\n<\/ul>\n<\/div>\t\t\t<form id=\"give-form-2241-1\" class=\"give-form give-form-2241 give-form-type-set\" action=\"https:\/\/sustainabilityillustrated.com\/fr\/wp-json\/wp\/v2\/pages\/2244\/?payment-mode=paypal&form-id=2241\" data-id=\"2241-1\" data-currency_symbol=\"&#36;\" data-currency_code=\"USD\" data-currency_position=\"before\" data-thousands_separator=\",\" data-decimal_separator=\".\" data-number_decimals=\"2\" method=\"post\">\n\t\t\t\t<!-- The following field is for robots only, invisible to humans: -->\n\t\t\t\t<span class=\"give-hidden\" style=\"display: none !important;\">\n\t\t\t\t\t<label for=\"give-form-honeypot-2241\"><\/label>\n\t\t\t\t\t<input id=\"give-form-honeypot-2241\" type=\"text\" name=\"give-honeypot\"\n\t\t\t\t\t\t   class=\"give-honeypot give-hidden\"\/>\n\t\t\t\t<\/span>\n\n\t\t\t\t\t<input type=\"hidden\" name=\"give-form-id-prefix\" value=\"2241-1\"\/>\n\t<input type=\"hidden\" name=\"give-form-id\" value=\"2241\"\/>\n\t<input type=\"hidden\" name=\"give-form-title\" value=\"Pourboires &amp; dons\"\/>\n\t<input type=\"hidden\" name=\"give-current-url\" value=\"https:\/\/sustainabilityillustrated.com\/fr\/wp-json\/wp\/v2\/pages\/2244\/\"\/>\n\t<input type=\"hidden\" name=\"give-form-url\" value=\"https:\/\/sustainabilityillustrated.com\/fr\/wp-json\/wp\/v2\/pages\/2244\/\"\/>\n\t\t\t<input type=\"hidden\" name=\"give-form-minimum\"\n\t\t\t   value=\"5.00\"\/>\n\t\t<input type=\"hidden\" name=\"give-form-maximum\"\n\t\t\t   value=\"999999.99\"\/>\n\t\t<input type=\"hidden\"  name=\"give-form-hash\" value=\"71f6ac75fe\" data-time=\"1777312179\" data-nonce-life=\"86400\" data-donor-session=\"0\"\/>\t\t<div class=\"give-total-wrap\">\n\t\t\t<div class=\"give-donation-amount form-row-wide\">\n\t\t\t\t<span class=\"give-currency-symbol give-currency-position-before\">&#036;<\/span>\t\t\t\t<label class=\"give-hidden\" for=\"give-amount\">Montant du don\u00a0:<\/label>\n\t\t\t\t<input class=\"give-text-input give-amount-top\" id=\"give-amount\" name=\"give-amount\" type=\"text\" inputmode=\"decimal\"\n\t\t\t\t\t   placeholder=\"\" value=\"10.00\" autocomplete=\"off\">\n\t\t\t\t\t\t\t<\/div>\n\t\t<\/div>\n\t\t\t\t<p class=\"give-custom-amount-text\">Choisissez votre montant (USD)<\/p>\n\t\t\n\t<fieldset id=\"give-payment-mode-select\">\n\t\t\t\t<legend\n\t\t\tclass=\"give-payment-mode-label\">S\u00e9lectionnez un moyen de paiement\t\t\t<span class=\"give-loading-text\"><span\n\t\t\t\t\tclass=\"give-loading-animation\"><\/span>\n\t\t\t<\/span>\n\t\t<\/legend>\n\n\t\t<div id=\"give-payment-mode-wrap\">\n\t\t\t\t\t\t<ul id=\"give-gateway-radio-list\">\n\t\t\t\t\t\t\t\t\t\t<li class=\"give-gateway-option-selected\">\n\t\t\t\t\t\t\t<input type=\"radio\" name=\"payment-mode\" class=\"give-gateway\"\n\t\t\t\t\t\t\t\t   id=\"give-gateway-paypal-2241-1\"\n\t\t\t\t\t\t\t\t   value=\"paypal\" checked='checked'>\n\t\t\t\t\t\t\t<label for=\"give-gateway-paypal-2241-1\"\n\t\t\t\t\t\t\t\t   class=\"give-gateway-option\"\n\t\t\t\t\t\t\t\t   id=\"give-gateway-option-paypal\"> PayPal<\/label>\n\t\t\t\t\t\t<\/li>\n\t\t\t\t\t\t\t\t\t\t\t\t<li>\n\t\t\t\t\t\t\t<input type=\"radio\" name=\"payment-mode\" class=\"give-gateway\"\n\t\t\t\t\t\t\t\t   id=\"give-gateway-offline-2241-1\"\n\t\t\t\t\t\t\t\t   value=\"offline\">\n\t\t\t\t\t\t\t<label for=\"give-gateway-offline-2241-1\"\n\t\t\t\t\t\t\t\t   class=\"give-gateway-option\"\n\t\t\t\t\t\t\t\t   id=\"give-gateway-option-offline\"> Don hors ligne (ch\u00e8que)<\/label>\n\t\t\t\t\t\t<\/li>\n\t\t\t\t\t\t\t\t\t<\/ul>\n\t\t\t\t\t<\/div>\n\t\t\t<\/fieldset>\n\n\t\n\t<div id=\"give_purchase_form_wrap\">\n\n\t\t\t<fieldset id=\"give_checkout_user_info\" class=\"\">\n\t\t<legend>\n\t\t\tInformations personnelles\t\t<\/legend>\n\n\t\t\n        <p id=\"give-first-name-wrap\" class=\"form-row form-row-first form-row-responsive\">\n            <label class=\"give-label\" for=\"give-first\">\n                Pr\u00e9nom                                    <span class=\"give-required-indicator\">*<\/span>\n                                <span class=\"give-tooltip hint--top hint--medium hint--bounce\" aria-label=\"Le pr\u00e9nom est utilis\u00e9 pour personnaliser votre don.\" rel=\"tooltip\"><i class=\"give-icon give-icon-question\"><\/i><\/span>            <\/label>\n            <input\n                class=\"give-input required\"\n                type=\"text\"\n                name=\"give_first\"\n                autocomplete=\"given-name\"\n                placeholder=\"Pr\u00e9nom\"\n                id=\"give-first\"\n                value=\"\"\n                 required aria-required=\"true\"             \/>\n        <\/p>\n\n        <p id=\"give-last-name-wrap\" class=\"form-row form-row-last form-row-responsive\">\n            <label class=\"give-label\" for=\"give-last\">\n                Nom                                <span class=\"give-tooltip hint--top hint--medium hint--bounce\" aria-label=\"Le nom est utilis\u00e9 pour personnaliser votre don.\" rel=\"tooltip\"><i class=\"give-icon give-icon-question\"><\/i><\/span>            <\/label>\n\n            <input\n                class=\"give-input\"\n                type=\"text\"\n                name=\"give_last\"\n                autocomplete=\"family-name\"\n                id=\"give-last\"\n                placeholder=\"Nom\"\n                value=\"\"\n                            \/>\n        <\/p>\n\n        \n                <p id=\"give-email-wrap\" class=\"form-row form-row-wide\">\n            <label class=\"give-label\" for=\"give-email\">\n                Adresse e-mail                                    <span class=\"give-required-indicator\">*<\/span>\n                                    <span class=\"give-tooltip hint--top hint--medium hint--bounce\" aria-label=\"Le re\u00e7u de don sera envoy\u00e9 \u00e0 cette adresse.\" rel=\"tooltip\"><i class=\"give-icon give-icon-question\"><\/i><\/span>            <\/label>\n            <input\n                class=\"give-input required\"\n                type=\"email\"\n                name=\"give_email\"\n                autocomplete=\"email\"\n                placeholder=\"Adresse e-mail\"\n                id=\"give-email\"\n                value=\"\"\n                 required aria-required=\"true\"             \/>\n\n        <\/p>\n\n        \n\t\t\t\t\t<\/fieldset>\n\t\t<fieldset id=\"give_purchase_submit\" class=\"give-donation-submit\">\n\t\t\t<p id=\"give-final-total-wrap\" class=\"form-wrap \">\n\t\t\t\t<span class=\"give-donation-total-label\">\n\t\t\tTotal du don\u00a0:\t\t<\/span>\n\t\t<span class=\"give-final-total-amount\"\n\t\t\t  data-total=\"10.00\">\n\t\t\t&#36;10.00\t\t<\/span>\n\t\t\t<\/p>\n\t\t<input type=\"hidden\" name=\"give_action\" value=\"purchase\"\/>\n\t<input type=\"hidden\" name=\"give-gateway\" value=\"paypal\"\/>\n\t\t<div class=\"give-submit-button-wrap give-clearfix\">\n\t\t<input type=\"submit\" class=\"give-submit give-btn\" id=\"give-purchase-button\" name=\"give-purchase\"\n\t\t\t   value=\"Valider\" data-before-validation-label=\"Valider\"\/>\n\t\t<span class=\"give-loading-animation\"><\/span>\n\t<\/div>\n\t\t<\/fieldset>\n\t\n\t<\/div>\n\n\t\t\t\t<\/form>\n\n\t\t\t\n\t<\/div><!--end #give-form-2241-->\n\t[\/vc_column_text][\/vc_column][\/vc_row]\n","protected":false},"excerpt":{"rendered":"<p>[vc_row type=\u00a0\u00bbin_container\u00a0\u00bb full_screen_row_position=\u00a0\u00bbmiddle\u00a0\u00bb scene_position=\u00a0\u00bbcenter\u00a0\u00bb text_color=\u00a0\u00bbdark\u00a0\u00bb text_align=\u00a0\u00bbleft\u00a0\u00bb overlay_strength=\u00a0\u00bb0.3&Prime; shape_divider_position=\u00a0\u00bbbottom\u00a0\u00bb bg_image_animation=\u00a0\u00bbnone\u00a0\u00bb][vc_column column_padding=\u00a0\u00bbno-extra-padding\u00a0\u00bb column_padding_position=\u00a0\u00bball\u00a0\u00bb background_color_opacity=\u00a0\u00bb1&Prime; background_hover_color_opacity=\u00a0\u00bb1&Prime; column_link_target=\u00a0\u00bb_self\u00a0\u00bb column_shadow=\u00a0\u00bbnone\u00a0\u00bb column_border_radius=\u00a0\u00bbnone\u00a0\u00bb width=\u00a0\u00bb1\/4&Prime; tablet_width_inherit=\u00a0\u00bbdefault\u00a0\u00bb tablet_text_alignment=\u00a0\u00bbdefault\u00a0\u00bb phone_text_alignment=\u00a0\u00bbdefault\u00a0\u00bb column_border_width=\u00a0\u00bbnone\u00a0\u00bb column_border_style=\u00a0\u00bbsolid\u00a0\u00bb bg_image_animation=\u00a0\u00bbnone\u00a0\u00bb][image_with_animation image_url=\u00a0\u00bb2245&Prime; alignment=\u00a0\u00bb\u00a0\u00bb animation=\u00a0\u00bbFade In\u00a0\u00bb border_radius=\u00a0\u00bbnone\u00a0\u00bb box_shadow=\u00a0\u00bbnone\u00a0\u00bb max_width=\u00a0\u00bb100%\u00a0\u00bb][\/vc_column][vc_column&#8230;<\/p>\n","protected":false},"author":1,"featured_media":2245,"parent":0,"menu_order":0,"comment_status":"closed","ping_status":"closed","template":"","meta":{"give_campaign_id":0,"footnotes":""},"class_list":["post-2244","page","type-page","status-publish","has-post-thumbnail"],"yoast_head":"<!-- This site is optimized with the Yoast SEO plugin v27.4 - https:\/\/yoast.com\/product\/yoast-seo-wordpress\/ -->\n<title>Pourboires &amp; dons - D\u00e9veloppement durable illustr\u00e9<\/title>\n<meta name=\"robots\" content=\"index, follow, max-snippet:-1, max-image-preview:large, max-video-preview:-1\" \/>\n<link rel=\"canonical\" href=\"https:\/\/sustainabilityillustrated.com\/fr\/pourboires-dons\/\" \/>\n<meta property=\"og:locale\" content=\"fr_FR\" \/>\n<meta property=\"og:type\" content=\"article\" \/>\n<meta property=\"og:title\" content=\"Pourboires &amp; dons - D\u00e9veloppement durable illustr\u00e9\" \/>\n<meta property=\"og:description\" content=\"[vc_row type=\u00a0\u00bbin_container\u00a0\u00bb full_screen_row_position=\u00a0\u00bbmiddle\u00a0\u00bb scene_position=\u00a0\u00bbcenter\u00a0\u00bb text_color=\u00a0\u00bbdark\u00a0\u00bb text_align=\u00a0\u00bbleft\u00a0\u00bb overlay_strength=\u00a0\u00bb0.3&Prime; shape_divider_position=\u00a0\u00bbbottom\u00a0\u00bb bg_image_animation=\u00a0\u00bbnone\u00a0\u00bb][vc_column column_padding=\u00a0\u00bbno-extra-padding\u00a0\u00bb column_padding_position=\u00a0\u00bball\u00a0\u00bb background_color_opacity=\u00a0\u00bb1&Prime; background_hover_color_opacity=\u00a0\u00bb1&Prime; column_link_target=\u00a0\u00bb_self\u00a0\u00bb column_shadow=\u00a0\u00bbnone\u00a0\u00bb column_border_radius=\u00a0\u00bbnone\u00a0\u00bb width=\u00a0\u00bb1\/4&Prime; tablet_width_inherit=\u00a0\u00bbdefault\u00a0\u00bb tablet_text_alignment=\u00a0\u00bbdefault\u00a0\u00bb phone_text_alignment=\u00a0\u00bbdefault\u00a0\u00bb column_border_width=\u00a0\u00bbnone\u00a0\u00bb column_border_style=\u00a0\u00bbsolid\u00a0\u00bb bg_image_animation=\u00a0\u00bbnone\u00a0\u00bb][image_with_animation image_url=\u00a0\u00bb2245&Prime; alignment=\u00a0\u00bb\u00a0\u00bb animation=\u00a0\u00bbFade In\u00a0\u00bb border_radius=\u00a0\u00bbnone\u00a0\u00bb box_shadow=\u00a0\u00bbnone\u00a0\u00bb max_width=\u00a0\u00bb100%\u00a0\u00bb][\/vc_column][vc_column...\" \/>\n<meta property=\"og:url\" content=\"https:\/\/sustainabilityillustrated.com\/fr\/pourboires-dons\/\" \/>\n<meta property=\"og:site_name\" content=\"D\u00e9veloppement durable illustr\u00e9\" \/>\n<meta property=\"og:image\" content=\"https:\/\/sustainabilityillustrated.com\/fr\/files\/2019\/02\/Tip-Donation.png\" \/>\n\t<meta property=\"og:image:width\" content=\"486\" \/>\n\t<meta property=\"og:image:height\" content=\"511\" \/>\n\t<meta property=\"og:image:type\" content=\"image\/png\" \/>\n<meta name=\"twitter:label1\" content=\"Dur\u00e9e de lecture estim\u00e9e\" \/>\n\t<meta name=\"twitter:data1\" content=\"1 minute\" \/>\n<script type=\"application\/ld+json\" class=\"yoast-schema-graph\">{\"@context\":\"https:\\\/\\\/schema.org\",\"@graph\":[{\"@type\":\"WebPage\",\"@id\":\"https:\\\/\\\/sustainabilityillustrated.com\\\/fr\\\/pourboires-dons\\\/\",\"url\":\"https:\\\/\\\/sustainabilityillustrated.com\\\/fr\\\/pourboires-dons\\\/\",\"name\":\"Pourboires & dons - D\u00e9veloppement durable illustr\u00e9\",\"isPartOf\":{\"@id\":\"https:\\\/\\\/sustainabilityillustrated.com\\\/fr\\\/#website\"},\"primaryImageOfPage\":{\"@id\":\"https:\\\/\\\/sustainabilityillustrated.com\\\/fr\\\/pourboires-dons\\\/#primaryimage\"},\"image\":{\"@id\":\"https:\\\/\\\/sustainabilityillustrated.com\\\/fr\\\/pourboires-dons\\\/#primaryimage\"},\"thumbnailUrl\":\"https:\\\/\\\/sustainabilityillustrated.com\\\/fr\\\/files\\\/2019\\\/02\\\/Tip-Donation.png\",\"datePublished\":\"2019-02-26T19:14:03+00:00\",\"breadcrumb\":{\"@id\":\"https:\\\/\\\/sustainabilityillustrated.com\\\/fr\\\/pourboires-dons\\\/#breadcrumb\"},\"inLanguage\":\"fr-FR\",\"potentialAction\":[{\"@type\":\"ReadAction\",\"target\":[\"https:\\\/\\\/sustainabilityillustrated.com\\\/fr\\\/pourboires-dons\\\/\"]}]},{\"@type\":\"ImageObject\",\"inLanguage\":\"fr-FR\",\"@id\":\"https:\\\/\\\/sustainabilityillustrated.com\\\/fr\\\/pourboires-dons\\\/#primaryimage\",\"url\":\"https:\\\/\\\/sustainabilityillustrated.com\\\/fr\\\/files\\\/2019\\\/02\\\/Tip-Donation.png\",\"contentUrl\":\"https:\\\/\\\/sustainabilityillustrated.com\\\/fr\\\/files\\\/2019\\\/02\\\/Tip-Donation.png\",\"width\":486,\"height\":511,\"caption\":\"Pourboire-Don\"},{\"@type\":\"BreadcrumbList\",\"@id\":\"https:\\\/\\\/sustainabilityillustrated.com\\\/fr\\\/pourboires-dons\\\/#breadcrumb\",\"itemListElement\":[{\"@type\":\"ListItem\",\"position\":1,\"name\":\"Accueil\",\"item\":\"https:\\\/\\\/sustainabilityillustrated.com\\\/fr\\\/\"},{\"@type\":\"ListItem\",\"position\":2,\"name\":\"Pourboires &#038; dons\"}]},{\"@type\":\"WebSite\",\"@id\":\"https:\\\/\\\/sustainabilityillustrated.com\\\/fr\\\/#website\",\"url\":\"https:\\\/\\\/sustainabilityillustrated.com\\\/fr\\\/\",\"name\":\"D\u00e9veloppement durable illustr\u00e9\",\"description\":\"Apprenez gratuitement avec des vid\u00e9os engageantes\",\"publisher\":{\"@id\":\"https:\\\/\\\/sustainabilityillustrated.com\\\/fr\\\/#organization\"},\"potentialAction\":[{\"@type\":\"SearchAction\",\"target\":{\"@type\":\"EntryPoint\",\"urlTemplate\":\"https:\\\/\\\/sustainabilityillustrated.com\\\/fr\\\/?s={search_term_string}\"},\"query-input\":{\"@type\":\"PropertyValueSpecification\",\"valueRequired\":true,\"valueName\":\"search_term_string\"}}],\"inLanguage\":\"fr-FR\"},{\"@type\":\"Organization\",\"@id\":\"https:\\\/\\\/sustainabilityillustrated.com\\\/fr\\\/#organization\",\"name\":\"D\u00e9veloppement durable illustr\u00e9\",\"url\":\"https:\\\/\\\/sustainabilityillustrated.com\\\/fr\\\/\",\"logo\":{\"@type\":\"ImageObject\",\"inLanguage\":\"fr-FR\",\"@id\":\"https:\\\/\\\/sustainabilityillustrated.com\\\/fr\\\/#\\\/schema\\\/logo\\\/image\\\/\",\"url\":\"https:\\\/\\\/sustainabilityillustrated.com\\\/fr\\\/files\\\/2020\\\/02\\\/Logo-Developpement-Durable-Illustre-Retina-2020.png\",\"contentUrl\":\"https:\\\/\\\/sustainabilityillustrated.com\\\/fr\\\/files\\\/2020\\\/02\\\/Logo-Developpement-Durable-Illustre-Retina-2020.png\",\"width\":700,\"height\":128,\"caption\":\"D\u00e9veloppement durable illustr\u00e9\"},\"image\":{\"@id\":\"https:\\\/\\\/sustainabilityillustrated.com\\\/fr\\\/#\\\/schema\\\/logo\\\/image\\\/\"},\"sameAs\":[\"https:\\\/\\\/x.com\\\/Sustain_Illustr\",\"https:\\\/\\\/www.linkedin.com\\\/in\\\/alexandremagnin\\\/\"]}]}<\/script>\n<!-- \/ Yoast SEO plugin. -->","yoast_head_json":{"title":"Pourboires & dons - D\u00e9veloppement durable illustr\u00e9","robots":{"index":"index","follow":"follow","max-snippet":"max-snippet:-1","max-image-preview":"max-image-preview:large","max-video-preview":"max-video-preview:-1"},"canonical":"https:\/\/sustainabilityillustrated.com\/fr\/pourboires-dons\/","og_locale":"fr_FR","og_type":"article","og_title":"Pourboires & dons - D\u00e9veloppement durable illustr\u00e9","og_description":"[vc_row type=\u00a0\u00bbin_container\u00a0\u00bb full_screen_row_position=\u00a0\u00bbmiddle\u00a0\u00bb scene_position=\u00a0\u00bbcenter\u00a0\u00bb text_color=\u00a0\u00bbdark\u00a0\u00bb text_align=\u00a0\u00bbleft\u00a0\u00bb overlay_strength=\u00a0\u00bb0.3&Prime; shape_divider_position=\u00a0\u00bbbottom\u00a0\u00bb bg_image_animation=\u00a0\u00bbnone\u00a0\u00bb][vc_column column_padding=\u00a0\u00bbno-extra-padding\u00a0\u00bb column_padding_position=\u00a0\u00bball\u00a0\u00bb background_color_opacity=\u00a0\u00bb1&Prime; background_hover_color_opacity=\u00a0\u00bb1&Prime; column_link_target=\u00a0\u00bb_self\u00a0\u00bb column_shadow=\u00a0\u00bbnone\u00a0\u00bb column_border_radius=\u00a0\u00bbnone\u00a0\u00bb width=\u00a0\u00bb1\/4&Prime; tablet_width_inherit=\u00a0\u00bbdefault\u00a0\u00bb tablet_text_alignment=\u00a0\u00bbdefault\u00a0\u00bb phone_text_alignment=\u00a0\u00bbdefault\u00a0\u00bb column_border_width=\u00a0\u00bbnone\u00a0\u00bb column_border_style=\u00a0\u00bbsolid\u00a0\u00bb bg_image_animation=\u00a0\u00bbnone\u00a0\u00bb][image_with_animation image_url=\u00a0\u00bb2245&Prime; alignment=\u00a0\u00bb\u00a0\u00bb animation=\u00a0\u00bbFade In\u00a0\u00bb border_radius=\u00a0\u00bbnone\u00a0\u00bb box_shadow=\u00a0\u00bbnone\u00a0\u00bb max_width=\u00a0\u00bb100%\u00a0\u00bb][\/vc_column][vc_column...","og_url":"https:\/\/sustainabilityillustrated.com\/fr\/pourboires-dons\/","og_site_name":"D\u00e9veloppement durable illustr\u00e9","og_image":[{"width":486,"height":511,"url":"https:\/\/sustainabilityillustrated.com\/fr\/files\/2019\/02\/Tip-Donation.png","type":"image\/png"}],"twitter_misc":{"Dur\u00e9e de lecture estim\u00e9e":"1 minute"},"schema":{"@context":"https:\/\/schema.org","@graph":[{"@type":"WebPage","@id":"https:\/\/sustainabilityillustrated.com\/fr\/pourboires-dons\/","url":"https:\/\/sustainabilityillustrated.com\/fr\/pourboires-dons\/","name":"Pourboires & dons - D\u00e9veloppement durable illustr\u00e9","isPartOf":{"@id":"https:\/\/sustainabilityillustrated.com\/fr\/#website"},"primaryImageOfPage":{"@id":"https:\/\/sustainabilityillustrated.com\/fr\/pourboires-dons\/#primaryimage"},"image":{"@id":"https:\/\/sustainabilityillustrated.com\/fr\/pourboires-dons\/#primaryimage"},"thumbnailUrl":"https:\/\/sustainabilityillustrated.com\/fr\/files\/2019\/02\/Tip-Donation.png","datePublished":"2019-02-26T19:14:03+00:00","breadcrumb":{"@id":"https:\/\/sustainabilityillustrated.com\/fr\/pourboires-dons\/#breadcrumb"},"inLanguage":"fr-FR","potentialAction":[{"@type":"ReadAction","target":["https:\/\/sustainabilityillustrated.com\/fr\/pourboires-dons\/"]}]},{"@type":"ImageObject","inLanguage":"fr-FR","@id":"https:\/\/sustainabilityillustrated.com\/fr\/pourboires-dons\/#primaryimage","url":"https:\/\/sustainabilityillustrated.com\/fr\/files\/2019\/02\/Tip-Donation.png","contentUrl":"https:\/\/sustainabilityillustrated.com\/fr\/files\/2019\/02\/Tip-Donation.png","width":486,"height":511,"caption":"Pourboire-Don"},{"@type":"BreadcrumbList","@id":"https:\/\/sustainabilityillustrated.com\/fr\/pourboires-dons\/#breadcrumb","itemListElement":[{"@type":"ListItem","position":1,"name":"Accueil","item":"https:\/\/sustainabilityillustrated.com\/fr\/"},{"@type":"ListItem","position":2,"name":"Pourboires &#038; dons"}]},{"@type":"WebSite","@id":"https:\/\/sustainabilityillustrated.com\/fr\/#website","url":"https:\/\/sustainabilityillustrated.com\/fr\/","name":"D\u00e9veloppement durable illustr\u00e9","description":"Apprenez gratuitement avec des vid\u00e9os engageantes","publisher":{"@id":"https:\/\/sustainabilityillustrated.com\/fr\/#organization"},"potentialAction":[{"@type":"SearchAction","target":{"@type":"EntryPoint","urlTemplate":"https:\/\/sustainabilityillustrated.com\/fr\/?s={search_term_string}"},"query-input":{"@type":"PropertyValueSpecification","valueRequired":true,"valueName":"search_term_string"}}],"inLanguage":"fr-FR"},{"@type":"Organization","@id":"https:\/\/sustainabilityillustrated.com\/fr\/#organization","name":"D\u00e9veloppement durable illustr\u00e9","url":"https:\/\/sustainabilityillustrated.com\/fr\/","logo":{"@type":"ImageObject","inLanguage":"fr-FR","@id":"https:\/\/sustainabilityillustrated.com\/fr\/#\/schema\/logo\/image\/","url":"https:\/\/sustainabilityillustrated.com\/fr\/files\/2020\/02\/Logo-Developpement-Durable-Illustre-Retina-2020.png","contentUrl":"https:\/\/sustainabilityillustrated.com\/fr\/files\/2020\/02\/Logo-Developpement-Durable-Illustre-Retina-2020.png","width":700,"height":128,"caption":"D\u00e9veloppement durable illustr\u00e9"},"image":{"@id":"https:\/\/sustainabilityillustrated.com\/fr\/#\/schema\/logo\/image\/"},"sameAs":["https:\/\/x.com\/Sustain_Illustr","https:\/\/www.linkedin.com\/in\/alexandremagnin\/"]}]}},"campaignId":"","_links":{"self":[{"href":"https:\/\/sustainabilityillustrated.com\/fr\/wp-json\/wp\/v2\/pages\/2244","targetHints":{"allow":["GET"]}}],"collection":[{"href":"https:\/\/sustainabilityillustrated.com\/fr\/wp-json\/wp\/v2\/pages"}],"about":[{"href":"https:\/\/sustainabilityillustrated.com\/fr\/wp-json\/wp\/v2\/types\/page"}],"author":[{"embeddable":true,"href":"https:\/\/sustainabilityillustrated.com\/fr\/wp-json\/wp\/v2\/users\/1"}],"replies":[{"embeddable":true,"href":"https:\/\/sustainabilityillustrated.com\/fr\/wp-json\/wp\/v2\/comments?post=2244"}],"version-history":[{"count":0,"href":"https:\/\/sustainabilityillustrated.com\/fr\/wp-json\/wp\/v2\/pages\/2244\/revisions"}],"wp:featuredmedia":[{"embeddable":true,"href":"https:\/\/sustainabilityillustrated.com\/fr\/wp-json\/wp\/v2\/media\/2245"}],"wp:attachment":[{"href":"https:\/\/sustainabilityillustrated.com\/fr\/wp-json\/wp\/v2\/media?parent=2244"}],"curies":[{"name":"wp","href":"https:\/\/api.w.org\/{rel}","templated":true}]}}